{"id":63898,"date":"2017-05-15T15:22:22","date_gmt":"2017-05-15T18:22:22","guid":{"rendered":"http:\/\/www.encontrapinheiros.com.br\/pinheiros\/?page_id=63898"},"modified":"2018-04-24T22:31:08","modified_gmt":"2018-04-25T01:31:08","slug":"bvl-biblioteca-parque-villa-lobos","status":"publish","type":"page","link":"https:\/\/www.encontrapinheiros.com.br\/pinheiros\/bvl-biblioteca-parque-villa-lobos\/","title":{"rendered":"BVL &#8211; Biblioteca Parque Villa-Lobos em Pinheiros"},"content":{"rendered":"<p>A <strong>Biblioteca Parque Villa-Lobos (BVL)<\/strong> \u00e9 um lugar singular. Al\u00e9m de oferecer livros para empr\u00e9stimo e ambientes para estudo, como toda biblioteca, a <strong>BVL<\/strong> \u00e9 tamb\u00e9m uma experi\u00eancia diferente em leitura, lazer, aprendizado e divers\u00e3o.<\/p>\n<p>Ocupando \u00e1rea de quatro mil metros quadrados dentro do <em>Parque Villa-Lobos<\/em>, zona oeste da capital paulistana, a <strong>BVL<\/strong> prepara, todos os meses, programa\u00e7\u00e3o cultural diversificada, que re\u00fane atividades de interesse para todos os p\u00fablicos.<\/p>\n<p><img loading=\"lazy\" decoding=\"async\" class=\"alignleft wp-image-63906 size-full\" title=\"BVL biblioteca parque villa lobos pinheiros\" src=\"http:\/\/www.encontrapinheiros.com.br\/pinheiros\/wp-content\/uploads\/2017\/05\/biblioteca-parque-villa-lo.jpg\" alt=\"BVL biblioteca parque villa lobos pinheiros\" width=\"365\" height=\"189\" srcset=\"https:\/\/www.encontrapinheiros.com.br\/pinheiros\/wp-content\/uploads\/2017\/05\/biblioteca-parque-villa-lo.jpg 365w, https:\/\/www.encontrapinheiros.com.br\/pinheiros\/wp-content\/uploads\/2017\/05\/biblioteca-parque-villa-lo-300x155.jpg 300w, https:\/\/www.encontrapinheiros.com.br\/pinheiros\/wp-content\/uploads\/2017\/05\/biblioteca-parque-villa-lo-680x350.jpg 680w\" sizes=\"auto, (max-width: 365px) 100vw, 365px\" \/>\u00a0O <em>acervo,<\/em> constantemente atualizado, tem foco na literatura e um olhar tamb\u00e9m para quest\u00f5es ambientais. \u00c9 formado por livros, revistas, jornais, livros eletr\u00f4nicos, audiolivros, HQs, DVDs e CDs, al\u00e9m de livros em braille e falados, voltados para pessoas com defici\u00eancia.<\/p>\n<p>Ali\u00e1s, a <strong>BVL<\/strong> \u00e9 um ambiente inclusivo e acess\u00edvel. Possui diversos aparelhos de tecnologia assistiva, como folheador de p\u00e1ginas, mesa ergon\u00f4mica, leitora aut\u00f4noma, reprodutor de \u00e1udio, r\u00e9gua braille, teclado e mouse adaptados, computadores com leitor de tela, mouse e teclado adaptados.<\/p>\n<p>Ou<img loading=\"lazy\" decoding=\"async\" class=\"alignleft wp-image-63907 size-full\" src=\"http:\/\/www.encontrapinheiros.com.br\/pinheiros\/wp-content\/uploads\/2017\/05\/biblioteca-parque-villa-lg-e1494873424890.jpg\" alt=\"biblioteca parque villa lobos\" width=\"209\" height=\"76\" \/>tro diferencial est\u00e1 no atendimento. A <strong>BVL<\/strong> \u00e9 uma biblioteca de e para pessoas, portanto todos os funcion\u00e1rios est\u00e3o aptos a oferecer atendimento humanizado, individualizado, centrado nas caracter\u00edsticas do p\u00fablico e pr\u00f3ximo \u00e0 comunidade.<\/p>\n<p>O espa\u00e7o conta ainda com salas de criatividade; sala de jogos eletr\u00f4nicos; ludoteca; espa\u00e7o para os visitantes lerem com tranquilidade; computadores com acesso \u00e0 internet; deck, com vista para o parque.<\/p>\n<h3>Hor\u00e1rio de Funcionamento Biblioteca Parque Villa-Lobos em Pinheiros<\/h3>\n<ul>\n<li>De ter\u00e7a a domingo e feriados, das 9h30 \u00e0s 18h30<\/li>\n<\/ul>\n<h3>Endere\u00e7o e Telefone\u00a0Biblioteca Parque Villa-Lobos em Pinheiros<\/h3>\n<ul>\n<li>Av. Prof. Fonseca Rodrigues, 2001 &#8211; Alto de Pinheiros, S\u00e3o Paulo &#8211; SP, 05461-010<\/li>\n<li>Telefone: (11) 3024-2500<\/li>\n<\/ul>\n<h3>Outras Informa\u00e7\u00f5es:<\/h3>\n<ul>\n<li>Site\u00a0da BVL:\u00a0<a href=\"http:\/\/www.bvl.org.br\/\">www.bvl.org.br<\/a><\/li>\n<li>Site da Biblioteca BVL:\u00a0<a href=\"http:\/\/www.parquevillalobos.net\/biblioteca-parque-villa-lobos\/\" target=\"_blank\" rel=\"noopener noreferrer\">parquevillalobos.net\/biblioteca-parque-villa-lobos<\/a><\/li>\n<\/ul>\n<h3>Mapa de Localiza\u00e7\u00e3o:<\/h3>\n<a class=\"wp-colorbox-iframe\" href=\"https:\/\/www.google.com\/maps\/embed?pb=!1m18!1m12!1m3!1d7315.3321466070365!2d-46.73147394952646!3d-23.544509848673247!2m3!1f0!2f0!3f0!3m2!1i1024!2i768!4f13.1!3m3!1m2!1s0x94cef8a04793b8e90xa9b2e3a2db135022!2sBiblioteca+Parque+Villa-Lobos!5e0!3m2!1spt-BR!2sbr!4v1494872421471\"><img decoding=\"async\" src=\"http:\/\/www.encontrapinheiros.com.br\/pinheiros\/wp-content\/uploads\/2017\/05\/mapa5-e1494875223595.png\"><\/a>\n","protected":false},"excerpt":{"rendered":"<p>A Biblioteca Parque Villa-Lobos (BVL) \u00e9 um lugar singular. Al\u00e9m de oferecer livros para empr\u00e9stimo e ambientes para estudo, como toda biblioteca, a BVL \u00e9 tamb\u00e9m uma experi\u00eancia diferente em leitura, lazer, aprendizado e divers\u00e3o. Ocupando \u00e1rea de quatro mil metros quadrados dentro do Parque Villa-Lobos, zona oeste da capital paulistana, a BVL prepara, todos os meses, programa\u00e7\u00e3o cultural diversificada, que re\u00fane atividades de interesse para todos os p\u00fablicos. \u00a0O acervo, constantemente atualizado, tem foco na literatura e um olhar tamb\u00e9m para quest\u00f5es ambientais. \u00c9 formado por livros, revistas, jornais, livros eletr\u00f4nicos, audiolivros, HQs, DVDs e CDs, al\u00e9m de livros <\/p>\n","protected":false},"author":1,"featured_media":0,"parent":0,"menu_order":0,"comment_status":"open","ping_status":"closed","template":"","meta":{"footnotes":""},"class_list":["post-63898","page","type-page","status-publish","hentry"],"yoast_head":"<!-- This site is optimized with the Yoast SEO plugin v26.9 - https:\/\/yoast.com\/product\/yoast-seo-wordpress\/ -->\n<title>Biblioteca Parque Villa-Lobos (BVL) em Pinheiros<\/title>\n<meta name=\"description\" content=\"Tudo sobre a Biblioteca Parque Villa-Lobos: Informa\u00e7\u00f5es, mapa, endere\u00e7o e telefone. CLIQUE AQUI!\" \/>\n<meta name=\"robots\" content=\"index, follow, max-snippet:-1, max-image-preview:large, max-video-preview:-1\" \/>\n<link rel=\"canonical\" href=\"https:\/\/www.encontrapinheiros.com.br\/pinheiros\/bvl-biblioteca-parque-villa-lobos\/\" \/>\n<meta property=\"og:locale\" content=\"pt_BR\" \/>\n<meta property=\"og:type\" content=\"article\" \/>\n<meta property=\"og:title\" content=\"Biblioteca Parque Villa-Lobos (BVL) em Pinheiros\" \/>\n<meta property=\"og:description\" content=\"Tudo sobre a Biblioteca Parque Villa-Lobos: Informa\u00e7\u00f5es, mapa, endere\u00e7o e telefone. CLIQUE AQUI!\" \/>\n<meta property=\"og:url\" content=\"https:\/\/www.encontrapinheiros.com.br\/pinheiros\/bvl-biblioteca-parque-villa-lobos\/\" \/>\n<meta property=\"og:site_name\" content=\"Encontra Pinheiros\" \/>\n<meta property=\"article:modified_time\" content=\"2018-04-25T01:31:08+00:00\" \/>\n<meta property=\"og:image\" content=\"http:\/\/www.encontrapinheiros.com.br\/pinheiros\/wp-content\/uploads\/2017\/05\/biblioteca-parque-villa-lo.jpg\" \/>\n<meta name=\"twitter:card\" content=\"summary_large_image\" \/>\n<meta name=\"twitter:label1\" content=\"Est. tempo de leitura\" \/>\n\t<meta name=\"twitter:data1\" content=\"2 minutos\" \/>\n<script type=\"application\/ld+json\" class=\"yoast-schema-graph\">{\"@context\":\"https:\/\/schema.org\",\"@graph\":[{\"@type\":\"WebPage\",\"@id\":\"https:\/\/www.encontrapinheiros.com.br\/pinheiros\/bvl-biblioteca-parque-villa-lobos\/\",\"url\":\"https:\/\/www.encontrapinheiros.com.br\/pinheiros\/bvl-biblioteca-parque-villa-lobos\/\",\"name\":\"Biblioteca Parque Villa-Lobos (BVL) em Pinheiros\",\"isPartOf\":{\"@id\":\"https:\/\/www.encontrapinheiros.com.br\/pinheiros\/#website\"},\"primaryImageOfPage\":{\"@id\":\"https:\/\/www.encontrapinheiros.com.br\/pinheiros\/bvl-biblioteca-parque-villa-lobos\/#primaryimage\"},\"image\":{\"@id\":\"https:\/\/www.encontrapinheiros.com.br\/pinheiros\/bvl-biblioteca-parque-villa-lobos\/#primaryimage\"},\"thumbnailUrl\":\"http:\/\/www.encontrapinheiros.com.br\/pinheiros\/wp-content\/uploads\/2017\/05\/biblioteca-parque-villa-lo.jpg\",\"datePublished\":\"2017-05-15T18:22:22+00:00\",\"dateModified\":\"2018-04-25T01:31:08+00:00\",\"description\":\"Tudo sobre a Biblioteca Parque Villa-Lobos: Informa\u00e7\u00f5es, mapa, endere\u00e7o e telefone. CLIQUE AQUI!\",\"breadcrumb\":{\"@id\":\"https:\/\/www.encontrapinheiros.com.br\/pinheiros\/bvl-biblioteca-parque-villa-lobos\/#breadcrumb\"},\"inLanguage\":\"pt-BR\",\"potentialAction\":[{\"@type\":\"ReadAction\",\"target\":[\"https:\/\/www.encontrapinheiros.com.br\/pinheiros\/bvl-biblioteca-parque-villa-lobos\/\"]}]},{\"@type\":\"ImageObject\",\"inLanguage\":\"pt-BR\",\"@id\":\"https:\/\/www.encontrapinheiros.com.br\/pinheiros\/bvl-biblioteca-parque-villa-lobos\/#primaryimage\",\"url\":\"http:\/\/www.encontrapinheiros.com.br\/pinheiros\/wp-content\/uploads\/2017\/05\/biblioteca-parque-villa-lo.jpg\",\"contentUrl\":\"http:\/\/www.encontrapinheiros.com.br\/pinheiros\/wp-content\/uploads\/2017\/05\/biblioteca-parque-villa-lo.jpg\"},{\"@type\":\"BreadcrumbList\",\"@id\":\"https:\/\/www.encontrapinheiros.com.br\/pinheiros\/bvl-biblioteca-parque-villa-lobos\/#breadcrumb\",\"itemListElement\":[{\"@type\":\"ListItem\",\"position\":1,\"name\":\"In\u00edcio\",\"item\":\"https:\/\/www.encontrapinheiros.com.br\/pinheiros\/\"},{\"@type\":\"ListItem\",\"position\":2,\"name\":\"BVL &#8211; Biblioteca Parque Villa-Lobos em Pinheiros\"}]},{\"@type\":\"WebSite\",\"@id\":\"https:\/\/www.encontrapinheiros.com.br\/pinheiros\/#website\",\"url\":\"https:\/\/www.encontrapinheiros.com.br\/pinheiros\/\",\"name\":\"Encontra Pinheiros\",\"description\":\"Tudo sobre o bairro Pinheiros\",\"potentialAction\":[{\"@type\":\"SearchAction\",\"target\":{\"@type\":\"EntryPoint\",\"urlTemplate\":\"https:\/\/www.encontrapinheiros.com.br\/pinheiros\/?s={search_term_string}\"},\"query-input\":{\"@type\":\"PropertyValueSpecification\",\"valueRequired\":true,\"valueName\":\"search_term_string\"}}],\"inLanguage\":\"pt-BR\"}]}<\/script>\n<!-- \/ Yoast SEO plugin. -->","yoast_head_json":{"title":"Biblioteca Parque Villa-Lobos (BVL) em Pinheiros","description":"Tudo sobre a Biblioteca Parque Villa-Lobos: Informa\u00e7\u00f5es, mapa, endere\u00e7o e telefone. CLIQUE AQUI!","robots":{"index":"index","follow":"follow","max-snippet":"max-snippet:-1","max-image-preview":"max-image-preview:large","max-video-preview":"max-video-preview:-1"},"canonical":"https:\/\/www.encontrapinheiros.com.br\/pinheiros\/bvl-biblioteca-parque-villa-lobos\/","og_locale":"pt_BR","og_type":"article","og_title":"Biblioteca Parque Villa-Lobos (BVL) em Pinheiros","og_description":"Tudo sobre a Biblioteca Parque Villa-Lobos: Informa\u00e7\u00f5es, mapa, endere\u00e7o e telefone. CLIQUE AQUI!","og_url":"https:\/\/www.encontrapinheiros.com.br\/pinheiros\/bvl-biblioteca-parque-villa-lobos\/","og_site_name":"Encontra Pinheiros","article_modified_time":"2018-04-25T01:31:08+00:00","og_image":[{"url":"http:\/\/www.encontrapinheiros.com.br\/pinheiros\/wp-content\/uploads\/2017\/05\/biblioteca-parque-villa-lo.jpg","type":"","width":"","height":""}],"twitter_card":"summary_large_image","twitter_misc":{"Est. tempo de leitura":"2 minutos"},"schema":{"@context":"https:\/\/schema.org","@graph":[{"@type":"WebPage","@id":"https:\/\/www.encontrapinheiros.com.br\/pinheiros\/bvl-biblioteca-parque-villa-lobos\/","url":"https:\/\/www.encontrapinheiros.com.br\/pinheiros\/bvl-biblioteca-parque-villa-lobos\/","name":"Biblioteca Parque Villa-Lobos (BVL) em Pinheiros","isPartOf":{"@id":"https:\/\/www.encontrapinheiros.com.br\/pinheiros\/#website"},"primaryImageOfPage":{"@id":"https:\/\/www.encontrapinheiros.com.br\/pinheiros\/bvl-biblioteca-parque-villa-lobos\/#primaryimage"},"image":{"@id":"https:\/\/www.encontrapinheiros.com.br\/pinheiros\/bvl-biblioteca-parque-villa-lobos\/#primaryimage"},"thumbnailUrl":"http:\/\/www.encontrapinheiros.com.br\/pinheiros\/wp-content\/uploads\/2017\/05\/biblioteca-parque-villa-lo.jpg","datePublished":"2017-05-15T18:22:22+00:00","dateModified":"2018-04-25T01:31:08+00:00","description":"Tudo sobre a Biblioteca Parque Villa-Lobos: Informa\u00e7\u00f5es, mapa, endere\u00e7o e telefone. CLIQUE AQUI!","breadcrumb":{"@id":"https:\/\/www.encontrapinheiros.com.br\/pinheiros\/bvl-biblioteca-parque-villa-lobos\/#breadcrumb"},"inLanguage":"pt-BR","potentialAction":[{"@type":"ReadAction","target":["https:\/\/www.encontrapinheiros.com.br\/pinheiros\/bvl-biblioteca-parque-villa-lobos\/"]}]},{"@type":"ImageObject","inLanguage":"pt-BR","@id":"https:\/\/www.encontrapinheiros.com.br\/pinheiros\/bvl-biblioteca-parque-villa-lobos\/#primaryimage","url":"http:\/\/www.encontrapinheiros.com.br\/pinheiros\/wp-content\/uploads\/2017\/05\/biblioteca-parque-villa-lo.jpg","contentUrl":"http:\/\/www.encontrapinheiros.com.br\/pinheiros\/wp-content\/uploads\/2017\/05\/biblioteca-parque-villa-lo.jpg"},{"@type":"BreadcrumbList","@id":"https:\/\/www.encontrapinheiros.com.br\/pinheiros\/bvl-biblioteca-parque-villa-lobos\/#breadcrumb","itemListElement":[{"@type":"ListItem","position":1,"name":"In\u00edcio","item":"https:\/\/www.encontrapinheiros.com.br\/pinheiros\/"},{"@type":"ListItem","position":2,"name":"BVL &#8211; Biblioteca Parque Villa-Lobos em Pinheiros"}]},{"@type":"WebSite","@id":"https:\/\/www.encontrapinheiros.com.br\/pinheiros\/#website","url":"https:\/\/www.encontrapinheiros.com.br\/pinheiros\/","name":"Encontra Pinheiros","description":"Tudo sobre o bairro Pinheiros","potentialAction":[{"@type":"SearchAction","target":{"@type":"EntryPoint","urlTemplate":"https:\/\/www.encontrapinheiros.com.br\/pinheiros\/?s={search_term_string}"},"query-input":{"@type":"PropertyValueSpecification","valueRequired":true,"valueName":"search_term_string"}}],"inLanguage":"pt-BR"}]}},"_links":{"self":[{"href":"https:\/\/www.encontrapinheiros.com.br\/pinheiros\/wp-json\/wp\/v2\/pages\/63898","targetHints":{"allow":["GET"]}}],"collection":[{"href":"https:\/\/www.encontrapinheiros.com.br\/pinheiros\/wp-json\/wp\/v2\/pages"}],"about":[{"href":"https:\/\/www.encontrapinheiros.com.br\/pinheiros\/wp-json\/wp\/v2\/types\/page"}],"author":[{"embeddable":true,"href":"https:\/\/www.encontrapinheiros.com.br\/pinheiros\/wp-json\/wp\/v2\/users\/1"}],"replies":[{"embeddable":true,"href":"https:\/\/www.encontrapinheiros.com.br\/pinheiros\/wp-json\/wp\/v2\/comments?post=63898"}],"version-history":[{"count":0,"href":"https:\/\/www.encontrapinheiros.com.br\/pinheiros\/wp-json\/wp\/v2\/pages\/63898\/revisions"}],"wp:attachment":[{"href":"https:\/\/www.encontrapinheiros.com.br\/pinheiros\/wp-json\/wp\/v2\/media?parent=63898"}],"curies":[{"name":"wp","href":"https:\/\/api.w.org\/{rel}","templated":true}]}}