{"id":63989,"date":"2017-05-17T15:22:05","date_gmt":"2017-05-17T18:22:05","guid":{"rendered":"http:\/\/www.encontrapinheiros.com.br\/pinheiros\/?page_id=63989"},"modified":"2017-06-26T16:21:42","modified_gmt":"2017-06-26T19:21:42","slug":"tunel-jornalista-fernando-vieira-de-mello","status":"publish","type":"page","link":"https:\/\/www.encontrapinheiros.com.br\/pinheiros\/tunel-jornalista-fernando-vieira-de-mello\/","title":{"rendered":"T\u00fanel Jornalista Fernando Vieira de Mello em Pinheiros"},"content":{"rendered":"<p>O <strong>T\u00fanel Jornalista Fernando Vieira de Mello em Pinheiros<\/strong> localiza-se na <em>Avenida Rebou\u00e7as<\/em>, na cidade de <em>S\u00e3o Paulo<\/em>, no <em>Brasil<\/em>.<\/p>\n<p>Inaugurado no ano de 2004, liga as avenidas <em>Rebou\u00e7as <\/em>e<em> Eus\u00e9bio Matoso<\/em>, passando sob a <em>Avenida Faria Lima<\/em>.<\/p>\n<p><img loading=\"lazy\" decoding=\"async\" class=\"alignnone wp-image-64185 \" title=\"T\u00fanel Jornalista Fernando Vieira de Mello em Pinheiros\" src=\"http:\/\/www.encontrapinheiros.com.br\/pinheiros\/wp-content\/uploads\/2017\/05\/tunel-jornalista-fernando-v.jpg\" alt=\"T\u00fanel Jornalista Fernando Vieira de Mello em Pinheiros\" width=\"548\" height=\"273\" srcset=\"https:\/\/www.encontrapinheiros.com.br\/pinheiros\/wp-content\/uploads\/2017\/05\/tunel-jornalista-fernando-v.jpg 379w, https:\/\/www.encontrapinheiros.com.br\/pinheiros\/wp-content\/uploads\/2017\/05\/tunel-jornalista-fernando-v-300x150.jpg 300w\" sizes=\"auto, (max-width: 548px) 100vw, 548px\" \/><\/p>\n<p>O seu nome \u00e9 uma homenagem ao jornalista <em>Fernando Vieira de Mello<\/em>. O t\u00fanel custou R$ 150 milh\u00f5es.<\/p>\n<h3>Endere\u00e7o T\u00fanel Jornalista Fernando Vieira de Mello em\u00a0Pinheiros<\/h3>\n<ul>\n<li>Av. Rebou\u00e7as, Pinheiros &#8211; S\u00e3o Paulo &#8211; SP<\/li>\n<\/ul>\n<h4>Mapa de localiza\u00e7\u00e3o:<\/h4>\n<a class=\"wp-colorbox-iframe\" href=\"https:\/\/www.google.com\/maps\/embed?pb=!1m18!1m12!1m3!1d3656.933857742292!2d-46.692617885022024!3d-23.57081888467815!2m3!1f0!2f0!3f0!3m2!1i1024!2i768!4f13.1!3m3!1m2!1s0x94ce570ba632a0270x7f741b0b3fa74be1!2sTnel+Fernando+Vieira+de+Mello+-+Pinheiros+So+Paulo+-+SP!5e0!3m2!1spt-BR!2sbr!4v1495463408242\"><img decoding=\"async\" src=\"http:\/\/www.encontrapinheiros.com.br\/pinheiros\/wp-content\/uploads\/2017\/05\/mapa5-e1494875223595.png\"><\/a>\n","protected":false},"excerpt":{"rendered":"<p>O T\u00fanel Jornalista Fernando Vieira de Mello em Pinheiros localiza-se na Avenida Rebou\u00e7as, na cidade de S\u00e3o Paulo, no Brasil. Inaugurado no ano de 2004, liga as avenidas Rebou\u00e7as e Eus\u00e9bio Matoso, passando sob a Avenida Faria Lima. O seu nome \u00e9 uma homenagem ao jornalista Fernando Vieira de Mello. O t\u00fanel custou R$ 150 milh\u00f5es. Endere\u00e7o T\u00fanel Jornalista Fernando Vieira de Mello em\u00a0Pinheiros Av. Rebou\u00e7as, Pinheiros &#8211; S\u00e3o Paulo &#8211; SP Mapa de localiza\u00e7\u00e3o:<\/p>\n","protected":false},"author":1,"featured_media":0,"parent":0,"menu_order":0,"comment_status":"open","ping_status":"closed","template":"","meta":{"footnotes":""},"class_list":["post-63989","page","type-page","status-publish","hentry"],"yoast_head":"<!-- This site is optimized with the Yoast SEO plugin v26.9 - https:\/\/yoast.com\/product\/yoast-seo-wordpress\/ -->\n<title>T\u00fanel Jornalista Fernando Vieira de Mello<\/title>\n<meta name=\"description\" content=\"Veja sobre o ( T\u00daNEL JORNALISTA FERNANDO VIEIRA DE MELLO EM PINHEIROS ) - Informa\u00e7\u00f5es e endere\u00e7o CLIQUE AQUI!\" \/>\n<meta name=\"robots\" content=\"index, follow, max-snippet:-1, max-image-preview:large, max-video-preview:-1\" \/>\n<link rel=\"canonical\" href=\"https:\/\/www.encontrapinheiros.com.br\/pinheiros\/tunel-jornalista-fernando-vieira-de-mello\/\" \/>\n<meta property=\"og:locale\" content=\"pt_BR\" \/>\n<meta property=\"og:type\" content=\"article\" \/>\n<meta property=\"og:title\" content=\"T\u00fanel Jornalista Fernando Vieira de Mello\" \/>\n<meta property=\"og:description\" content=\"Veja sobre o ( T\u00daNEL JORNALISTA FERNANDO VIEIRA DE MELLO EM PINHEIROS ) - Informa\u00e7\u00f5es e endere\u00e7o CLIQUE AQUI!\" \/>\n<meta property=\"og:url\" content=\"https:\/\/www.encontrapinheiros.com.br\/pinheiros\/tunel-jornalista-fernando-vieira-de-mello\/\" \/>\n<meta property=\"og:site_name\" content=\"Encontra Pinheiros\" \/>\n<meta property=\"article:modified_time\" content=\"2017-06-26T19:21:42+00:00\" \/>\n<meta property=\"og:image\" content=\"http:\/\/www.encontrapinheiros.com.br\/pinheiros\/wp-content\/uploads\/2017\/05\/tunel-jornalista-fernando-v.jpg\" \/>\n<meta name=\"twitter:card\" content=\"summary_large_image\" \/>\n<meta name=\"twitter:label1\" content=\"Est. tempo de leitura\" \/>\n\t<meta name=\"twitter:data1\" content=\"1 minuto\" \/>\n<script type=\"application\/ld+json\" class=\"yoast-schema-graph\">{\"@context\":\"https:\/\/schema.org\",\"@graph\":[{\"@type\":\"WebPage\",\"@id\":\"https:\/\/www.encontrapinheiros.com.br\/pinheiros\/tunel-jornalista-fernando-vieira-de-mello\/\",\"url\":\"https:\/\/www.encontrapinheiros.com.br\/pinheiros\/tunel-jornalista-fernando-vieira-de-mello\/\",\"name\":\"T\u00fanel Jornalista Fernando Vieira de Mello\",\"isPartOf\":{\"@id\":\"https:\/\/www.encontrapinheiros.com.br\/pinheiros\/#website\"},\"primaryImageOfPage\":{\"@id\":\"https:\/\/www.encontrapinheiros.com.br\/pinheiros\/tunel-jornalista-fernando-vieira-de-mello\/#primaryimage\"},\"image\":{\"@id\":\"https:\/\/www.encontrapinheiros.com.br\/pinheiros\/tunel-jornalista-fernando-vieira-de-mello\/#primaryimage\"},\"thumbnailUrl\":\"http:\/\/www.encontrapinheiros.com.br\/pinheiros\/wp-content\/uploads\/2017\/05\/tunel-jornalista-fernando-v.jpg\",\"datePublished\":\"2017-05-17T18:22:05+00:00\",\"dateModified\":\"2017-06-26T19:21:42+00:00\",\"description\":\"Veja sobre o ( T\u00daNEL JORNALISTA FERNANDO VIEIRA DE MELLO EM PINHEIROS ) - Informa\u00e7\u00f5es e endere\u00e7o CLIQUE AQUI!\",\"breadcrumb\":{\"@id\":\"https:\/\/www.encontrapinheiros.com.br\/pinheiros\/tunel-jornalista-fernando-vieira-de-mello\/#breadcrumb\"},\"inLanguage\":\"pt-BR\",\"potentialAction\":[{\"@type\":\"ReadAction\",\"target\":[\"https:\/\/www.encontrapinheiros.com.br\/pinheiros\/tunel-jornalista-fernando-vieira-de-mello\/\"]}]},{\"@type\":\"ImageObject\",\"inLanguage\":\"pt-BR\",\"@id\":\"https:\/\/www.encontrapinheiros.com.br\/pinheiros\/tunel-jornalista-fernando-vieira-de-mello\/#primaryimage\",\"url\":\"http:\/\/www.encontrapinheiros.com.br\/pinheiros\/wp-content\/uploads\/2017\/05\/tunel-jornalista-fernando-v.jpg\",\"contentUrl\":\"http:\/\/www.encontrapinheiros.com.br\/pinheiros\/wp-content\/uploads\/2017\/05\/tunel-jornalista-fernando-v.jpg\"},{\"@type\":\"BreadcrumbList\",\"@id\":\"https:\/\/www.encontrapinheiros.com.br\/pinheiros\/tunel-jornalista-fernando-vieira-de-mello\/#breadcrumb\",\"itemListElement\":[{\"@type\":\"ListItem\",\"position\":1,\"name\":\"In\u00edcio\",\"item\":\"https:\/\/www.encontrapinheiros.com.br\/pinheiros\/\"},{\"@type\":\"ListItem\",\"position\":2,\"name\":\"T\u00fanel Jornalista Fernando Vieira de Mello em Pinheiros\"}]},{\"@type\":\"WebSite\",\"@id\":\"https:\/\/www.encontrapinheiros.com.br\/pinheiros\/#website\",\"url\":\"https:\/\/www.encontrapinheiros.com.br\/pinheiros\/\",\"name\":\"Encontra Pinheiros\",\"description\":\"Tudo sobre o bairro Pinheiros\",\"potentialAction\":[{\"@type\":\"SearchAction\",\"target\":{\"@type\":\"EntryPoint\",\"urlTemplate\":\"https:\/\/www.encontrapinheiros.com.br\/pinheiros\/?s={search_term_string}\"},\"query-input\":{\"@type\":\"PropertyValueSpecification\",\"valueRequired\":true,\"valueName\":\"search_term_string\"}}],\"inLanguage\":\"pt-BR\"}]}<\/script>\n<!-- \/ Yoast SEO plugin. -->","yoast_head_json":{"title":"T\u00fanel Jornalista Fernando Vieira de Mello","description":"Veja sobre o ( T\u00daNEL JORNALISTA FERNANDO VIEIRA DE MELLO EM PINHEIROS ) - Informa\u00e7\u00f5es e endere\u00e7o CLIQUE AQUI!","robots":{"index":"index","follow":"follow","max-snippet":"max-snippet:-1","max-image-preview":"max-image-preview:large","max-video-preview":"max-video-preview:-1"},"canonical":"https:\/\/www.encontrapinheiros.com.br\/pinheiros\/tunel-jornalista-fernando-vieira-de-mello\/","og_locale":"pt_BR","og_type":"article","og_title":"T\u00fanel Jornalista Fernando Vieira de Mello","og_description":"Veja sobre o ( T\u00daNEL JORNALISTA FERNANDO VIEIRA DE MELLO EM PINHEIROS ) - Informa\u00e7\u00f5es e endere\u00e7o CLIQUE AQUI!","og_url":"https:\/\/www.encontrapinheiros.com.br\/pinheiros\/tunel-jornalista-fernando-vieira-de-mello\/","og_site_name":"Encontra Pinheiros","article_modified_time":"2017-06-26T19:21:42+00:00","og_image":[{"url":"http:\/\/www.encontrapinheiros.com.br\/pinheiros\/wp-content\/uploads\/2017\/05\/tunel-jornalista-fernando-v.jpg","type":"","width":"","height":""}],"twitter_card":"summary_large_image","twitter_misc":{"Est. tempo de leitura":"1 minuto"},"schema":{"@context":"https:\/\/schema.org","@graph":[{"@type":"WebPage","@id":"https:\/\/www.encontrapinheiros.com.br\/pinheiros\/tunel-jornalista-fernando-vieira-de-mello\/","url":"https:\/\/www.encontrapinheiros.com.br\/pinheiros\/tunel-jornalista-fernando-vieira-de-mello\/","name":"T\u00fanel Jornalista Fernando Vieira de Mello","isPartOf":{"@id":"https:\/\/www.encontrapinheiros.com.br\/pinheiros\/#website"},"primaryImageOfPage":{"@id":"https:\/\/www.encontrapinheiros.com.br\/pinheiros\/tunel-jornalista-fernando-vieira-de-mello\/#primaryimage"},"image":{"@id":"https:\/\/www.encontrapinheiros.com.br\/pinheiros\/tunel-jornalista-fernando-vieira-de-mello\/#primaryimage"},"thumbnailUrl":"http:\/\/www.encontrapinheiros.com.br\/pinheiros\/wp-content\/uploads\/2017\/05\/tunel-jornalista-fernando-v.jpg","datePublished":"2017-05-17T18:22:05+00:00","dateModified":"2017-06-26T19:21:42+00:00","description":"Veja sobre o ( T\u00daNEL JORNALISTA FERNANDO VIEIRA DE MELLO EM PINHEIROS ) - Informa\u00e7\u00f5es e endere\u00e7o CLIQUE AQUI!","breadcrumb":{"@id":"https:\/\/www.encontrapinheiros.com.br\/pinheiros\/tunel-jornalista-fernando-vieira-de-mello\/#breadcrumb"},"inLanguage":"pt-BR","potentialAction":[{"@type":"ReadAction","target":["https:\/\/www.encontrapinheiros.com.br\/pinheiros\/tunel-jornalista-fernando-vieira-de-mello\/"]}]},{"@type":"ImageObject","inLanguage":"pt-BR","@id":"https:\/\/www.encontrapinheiros.com.br\/pinheiros\/tunel-jornalista-fernando-vieira-de-mello\/#primaryimage","url":"http:\/\/www.encontrapinheiros.com.br\/pinheiros\/wp-content\/uploads\/2017\/05\/tunel-jornalista-fernando-v.jpg","contentUrl":"http:\/\/www.encontrapinheiros.com.br\/pinheiros\/wp-content\/uploads\/2017\/05\/tunel-jornalista-fernando-v.jpg"},{"@type":"BreadcrumbList","@id":"https:\/\/www.encontrapinheiros.com.br\/pinheiros\/tunel-jornalista-fernando-vieira-de-mello\/#breadcrumb","itemListElement":[{"@type":"ListItem","position":1,"name":"In\u00edcio","item":"https:\/\/www.encontrapinheiros.com.br\/pinheiros\/"},{"@type":"ListItem","position":2,"name":"T\u00fanel Jornalista Fernando Vieira de Mello em Pinheiros"}]},{"@type":"WebSite","@id":"https:\/\/www.encontrapinheiros.com.br\/pinheiros\/#website","url":"https:\/\/www.encontrapinheiros.com.br\/pinheiros\/","name":"Encontra Pinheiros","description":"Tudo sobre o bairro Pinheiros","potentialAction":[{"@type":"SearchAction","target":{"@type":"EntryPoint","urlTemplate":"https:\/\/www.encontrapinheiros.com.br\/pinheiros\/?s={search_term_string}"},"query-input":{"@type":"PropertyValueSpecification","valueRequired":true,"valueName":"search_term_string"}}],"inLanguage":"pt-BR"}]}},"_links":{"self":[{"href":"https:\/\/www.encontrapinheiros.com.br\/pinheiros\/wp-json\/wp\/v2\/pages\/63989","targetHints":{"allow":["GET"]}}],"collection":[{"href":"https:\/\/www.encontrapinheiros.com.br\/pinheiros\/wp-json\/wp\/v2\/pages"}],"about":[{"href":"https:\/\/www.encontrapinheiros.com.br\/pinheiros\/wp-json\/wp\/v2\/types\/page"}],"author":[{"embeddable":true,"href":"https:\/\/www.encontrapinheiros.com.br\/pinheiros\/wp-json\/wp\/v2\/users\/1"}],"replies":[{"embeddable":true,"href":"https:\/\/www.encontrapinheiros.com.br\/pinheiros\/wp-json\/wp\/v2\/comments?post=63989"}],"version-history":[{"count":0,"href":"https:\/\/www.encontrapinheiros.com.br\/pinheiros\/wp-json\/wp\/v2\/pages\/63989\/revisions"}],"wp:attachment":[{"href":"https:\/\/www.encontrapinheiros.com.br\/pinheiros\/wp-json\/wp\/v2\/media?parent=63989"}],"curies":[{"name":"wp","href":"https:\/\/api.w.org\/{rel}","templated":true}]}}